{"id":668,"date":"2024-12-16T13:11:19","date_gmt":"2024-12-16T12:11:19","guid":{"rendered":"https:\/\/r-strasser.com\/imprint\/"},"modified":"2024-12-19T11:28:34","modified_gmt":"2024-12-19T10:28:34","slug":"imprint","status":"publish","type":"page","link":"https:\/\/r-strasser.com\/en\/imprint\/","title":{"rendered":"Imprint"},"content":{"rendered":"<div class=\"wpb-content-wrapper\"><p>[vc_row full_width=&#8221;stretch_row_content_no_spaces&#8221; el_class=&#8221;banner&#8221;][vc_column][vc_raw_html css=&#8221;&#8221;]PGRpdiBjbGFzcz0ic3dpcGVyLWNvbnRhaW5lciI+DQogIDxkaXYgY2xhc3M9InN3aXBlci13cmFwcGVyIj4NCiAgICA8ZGl2IGNsYXNzPSJzd2lwZXItc2xpZGUiPjxpbWcgc3JjPSIvaW1nLzEud2VicCIgYWx0PSJSZWluaGFyZCBTdHJhc3NlciBJbnRlcmlvciBBcmNoaXRlY3RzIiAvPjwvZGl2Pg0KICAgICAgPGRpdiBjbGFzcz0ic3dpcGVyLXNsaWRlIj48aW1nIHNyYz0iL2ltZy8yLndlYnAiIGFsdD0iUmVpbmhhcmQgU3RyYXNzZXIgSW50ZXJpb3IgQXJjaGl0ZWN0cyIgLz48L2Rpdj4NCiAgPGRpdiBjbGFzcz0ic3dpcGVyLXNsaWRlIj48aW1nIHNyYz0iL2ltZy8zLndlYnAiIGFsdD0iUmVpbmhhcmQgU3RyYXNzZXIgSW50ZXJpb3IgQXJjaGl0ZWN0cyIgLz48L2Rpdj4NCiAgPGRpdiBjbGFzcz0ic3dpcGVyLXNsaWRlIj48aW1nIHNyYz0iL2ltZy80LndlYnAiIGFsdD0iUmVpbmhhcmQgU3RyYXNzZXIgSW50ZXJpb3IgQXJjaGl0ZWN0cyIgLz48L2Rpdj4NCiAgPGRpdiBjbGFzcz0ic3dpcGVyLXNsaWRlIj48aW1nIHNyYz0iL2ltZy81LndlYnAiIGFsdD0iUmVpbmhhcmQgU3RyYXNzZXIgSW50ZXJpb3IgQXJjaGl0ZWN0cyIgLz48L2Rpdj4NCiAgPGRpdiBjbGFzcz0ic3dpcGVyLXNsaWRlIj48aW1nIHNyYz0iL2ltZy82LndlYnAiIGFsdD0iUmVpbmhhcmQgU3RyYXNzZXIgSW50ZXJpb3IgQXJjaGl0ZWN0cyIgLz48L2Rpdj4NCiAgPGRpdiBjbGFzcz0ic3dpcGVyLXNsaWRlIj48aW1nIHNyYz0iL2ltZy83LndlYnAiIGFsdD0iUmVpbmhhcmQgU3RyYXNzZXIgSW50ZXJpb3IgQXJjaGl0ZWN0cyIgLz48L2Rpdj4NCiAgPGRpdiBjbGFzcz0ic3dpcGVyLXNsaWRlIj48aW1nIHNyYz0iL2ltZy84LndlYnAiIGFsdD0iUmVpbmhhcmQgU3RyYXNzZXIgSW50ZXJpb3IgQXJjaGl0ZWN0cyIgLz48L2Rpdj4NCiAgPGRpdiBjbGFzcz0ic3dpcGVyLXNsaWRlIj48aW1nIHNyYz0iL2ltZy85LndlYnAiIGFsdD0iUmVpbmhhcmQgU3RyYXNzZXIgSW50ZXJpb3IgQXJjaGl0ZWN0cyIgLz48L2Rpdj4NCiAgPGRpdiBjbGFzcz0ic3dpcGVyLXNsaWRlIj48aW1nIHNyYz0iL2ltZy8xMC53ZWJwIiBhbHQ9IlJlaW5oYXJkIFN0cmFzc2VyIEludGVyaW9yIEFyY2hpdGVjdHMiIC8+PC9kaXY+DQogIDxkaXYgY2xhc3M9InN3aXBlci1zbGlkZSI+PGltZyBzcmM9Ii9pbWcvMTEud2VicCIgYWx0PSJSZWluaGFyZCBTdHJhc3NlciBJbnRlcmlvciBBcmNoaXRlY3RzIiAvPjwvZGl2Pg0KICAgPGRpdiBjbGFzcz0ic3dpcGVyLXNsaWRlIj48aW1nIHNyYz0iL2ltZy8xMi53ZWJwIiBhbHQ9IlJlaW5oYXJkIFN0cmFzc2VyIEludGVyaW9yIEFyY2hpdGVjdHMiIC8+PC9kaXY+DQogICA8ZGl2IGNsYXNzPSJzd2lwZXItc2xpZGUiPjxpbWcgc3JjPSIvaW1nLzEzLndlYnAiIGFsdD0iUmVpbmhhcmQgU3RyYXNzZXIgSW50ZXJpb3IgQXJjaGl0ZWN0cyIgLz48L2Rpdj4NCiAgIDxkaXYgY2xhc3M9InN3aXBlci1zbGlkZSI+PGltZyBzcmM9Ii9pbWcvMTQud2VicCIgYWx0PSJSZWluaGFyZCBTdHJhc3NlciBJbnRlcmlvciBBcmNoaXRlY3RzIiAvPjwvZGl2Pg0KICAgPGRpdiBjbGFzcz0ic3dpcGVyLXNsaWRlIj48aW1nIHNyYz0iL2ltZy8xNS53ZWJwIiBhbHQ9IlJlaW5oYXJkIFN0cmFzc2VyIEludGVyaW9yIEFyY2hpdGVjdHMiIC8+PC9kaXY+DQogICA8ZGl2IGNsYXNzPSJzd2lwZXItc2xpZGUiPjxpbWcgc3JjPSIvaW1nLzE2LndlYnAiIGFsdD0iUmVpbmhhcmQgU3RyYXNzZXIgSW50ZXJpb3IgQXJjaGl0ZWN0cyIgLz48L2Rpdj4NCiAgPC9kaXY+DQo8L2Rpdj4=[\/vc_raw_html][vc_raw_js]JTNDc2NyaXB0JTNFY29uc3QlMjBzd2lwZXIlMjAlM0QlMjBuZXclMjBTd2lwZXIlMjglMjcuc3dpcGVyLWNvbnRhaW5lciUyNyUyQyUyMCU3QiUwQSUyMCUyMGxvb3AlM0ElMjB0cnVlJTJDJTBBJTIwJTIwYXV0b3BsYXklM0ElMjAlN0IlMEElMjAlMjAlMjAlMjBkZWxheSUzQSUyMDEwMDAlMkMlMEElMjAlMjAlMjAlMjBkaXNhYmxlT25JbnRlcmFjdGlvbiUzQSUyMGZhbHNlJTJDJTBBJTIwJTIwJTdEJTJDJTBBJTIwJTIwYWxsb3dUb3VjaE1vdmUlM0ElMjBmYWxzZSUyQyUwQSUyMCUyMGVmZmVjdCUzQSUyMCUyN2ZhZGUlMjclMkMlMjAlMkYlMkYlMjBFZmZla3QlMjBmZXN0bGVnZW4lMEElMjAlMjBmYWRlRWZmZWN0JTNBJTIwJTdCJTBBJTIwJTIwJTIwJTIwY3Jvc3NGYWRlJTNBJTIwdHJ1ZSUyQyUyMCUyRiUyRiUyMG9wdGlvbmFsJTIwZiVDMyVCQ3IlMjBmbGllJUMzJTlGZW5kZXJlbiUyMCVDMyU5Q2JlcmdhbmclMEElMjAlMjAlN0QlMkMlMEElMjBzcGVlZCUzQSUyMDUwMCUyQyUyMCUyRiUyRiUyMEdlc2Nod2luZGlna2VpdCUyMGRlcyUyMEZhZGUtJUMzJTlDYmVyZ2FuZ3MlMjBpbiUyME1pbGxpc2VrdW5kZW4lMEElN0QlMjklM0IlMEElM0MlMkZzY3JpcHQlM0U=[\/vc_raw_js][vc_single_image image=&#8221;308&#8243; img_size=&#8221;full&#8221; alignment=&#8221;center&#8221; onclick=&#8221;custom_link&#8221; css=&#8221;&#8221; el_class=&#8221;sliderlogo&#8221; link=&#8221;\/en\/&#8221;][vc_column_text css=&#8221;&#8221; el_class=&#8221;interior&#8221;]<\/p>\n<h1 class=\"split-heading\"><span class=\"left\">Interior<\/span> <span class=\"right\">Architects<\/span><\/h1>\n<p>[\/vc_column_text][\/vc_column][\/vc_row][vc_row el_class=&#8221;reiheoben reiheunten vieltext&#8221;][vc_column][vc_column_text css=&#8221;&#8221;]<\/p>\n<h1>Imprint<\/h1>\n<p>Angaben nach \u00a75 Abs.1 E-Commerce-Gesetz (ECG)<\/p>\n<p><strong>Reinhard Strasser GmbH<\/strong><br \/>\nZillertalstra\u00dfe 30 \u00b7 6263 F\u00fcgen \u00b7 \u00d6sterreich<br \/>\nT +43 664 4024015 \u00b7 info@reinhard-strasser.com<\/p>\n<p><strong>Gewerbeberechtigungen:<\/strong><br \/>\nBeratende Ingenieure auf dem Fachgebiet der Innenarchitektur. Das Atelier befindet sich an der Zillertalstra\u00dfe 30, 6263 F\u00fcgen.<br \/>\nTischler und Holzgestalter (eingeschr\u00e4nkt auf B\u00fcrobetrieb)<\/p>\n<p>UID-Nummer: ATU69377989<br \/>\nFirmenbuchnummer: FN 428113 d<br \/>\nLandesgericht Innsbruck<\/p>\n<p>Mitglied der Wirtschaftskammer Tirol<br \/>\nInnenarchitektur<br \/>\nTischlerei und Holzgestalter<br \/>\nBeh\u00f6rde: Bezirkshauptmannschaft Schwaz<br \/>\nGISA 30657250<\/p>\n<h2>Copyright<\/h2>\n<p>Alle Rechte vorbehalten! Texte, Fotos, Grafiken und Design-Elemente auf dieser Webpr\u00e4senz unterliegen dem Copyright. Das Kopieren oder die Reproduktion der verf\u00fcgbaren Materialien auf diesen Seiten ist nur mit schriftlicher Genehmigung von Reinhard Strasser oder den Inhabern der Fotos erlaubt.<\/p>\n<p>Tippfehler und Irrtum vorbehalten.<\/p>\n<h2>Konzept &amp; Design<\/h2>\n<p>Format G, <a href=\"https:\/\/www.formatg.net\/\" target=\"_blank\" rel=\"noopener\">formatg.net\u00a0<\/a><\/p>\n<h2>Webentwicklung<\/h2>\n<p>Christian Gschoesser, <a href=\"https:\/\/ch-g.at\" target=\"_blank\" rel=\"noopener\">ch-g.at<\/a><\/p>\n<h2>Bilder &amp; Videos<\/h2>\n<p>Archiv Reinhard Strasser, Bildarchiv Wetscher &#8211; www.wetscher.com<\/p>\n<h2>Haftungsausschluss<\/h2>\n<p>F\u00fcr den Inhalt verlinkter Seiten sind ausnahmslos deren Betreiber verantwortlich. Wir \u00fcbernehmen keine Haftung f\u00fcr deren Inhalte. Wir k\u00f6nnen au\u00dferdem nicht haftbar gemacht werden f\u00fcr eventuelle Sch\u00e4den, die aufgrund schlecht recherchierter Beitr\u00e4ge oder falscher Inhalte entstanden sind.<\/p>\n<h2>Streitbeilegung<\/h2>\n<p>Online-Streitbeilegung gem\u00e4\u00df Art. 14 Abs. 1 ODR-VO: Die Europ\u00e4ische Kommission stellt eine Plattform zur Online-Streitbeilegung (OS) bereit, die Sie unter http:\/\/ec.europa.eu\/consumers\/odr\/ finden.<\/p>\n<h2>Datenschutz<\/h2>\n<p>Wir verwenden Cookies und verarbeiten Ihre pers\u00f6nlichen Daten. Weitere Informationen finden Sie in unserer <a href=\"https:\/\/r-strasser.com\/datenschutz\/\" target=\"_blank\" rel=\"noopener\">Datenschutzerkl\u00e4rung<\/a>![\/vc_column_text][\/vc_column][\/vc_row]<\/p>\n<\/div>","protected":false},"excerpt":{"rendered":"<p>[vc_row full_width=&#8221;stretch_row_content_no_spaces&#8221; el_class=&#8221;banner&#8221;][vc_column][vc_raw_html css=&#8221;&#8221;]PGRpdiBjbGFzcz0ic3dpcGVyLWNvbnRhaW5lciI+DQogIDxkaXYgY2xhc3M9InN3aXBlci13cmFwcGVyIj4NCiAgICA8ZGl2IGNsYXNzPSJzd2lwZXItc2xpZGUiPjxpbWcgc3JjPSIvaW1nLzEud2VicCIgYWx0PSJSZWluaGFyZCBTdHJhc3NlciBJbnRlcmlvciBBcmNoaXRlY3RzIiAvPjwvZGl2Pg0KICAgICAgPGRpdiBjbGFzcz0ic3dpcGVyLXNsaWRlIj48aW1nIHNyYz0iL2ltZy8yLndlYnAiIGFsdD0iUmVpbmhhcmQgU3RyYXNzZXIgSW50ZXJpb3IgQXJjaGl0ZWN0cyIgLz48L2Rpdj4NCiAgPGRpdiBjbGFzcz0ic3dpcGVyLXNsaWRlIj48aW1nIHNyYz0iL2ltZy8zLndlYnAiIGFsdD0iUmVpbmhhcmQgU3RyYXNzZXIgSW50ZXJpb3IgQXJjaGl0ZWN0cyIgLz48L2Rpdj4NCiAgPGRpdiBjbGFzcz0ic3dpcGVyLXNsaWRlIj48aW1nIHNyYz0iL2ltZy80LndlYnAiIGFsdD0iUmVpbmhhcmQgU3RyYXNzZXIgSW50ZXJpb3IgQXJjaGl0ZWN0cyIgLz48L2Rpdj4NCiAgPGRpdiBjbGFzcz0ic3dpcGVyLXNsaWRlIj48aW1nIHNyYz0iL2ltZy81LndlYnAiIGFsdD0iUmVpbmhhcmQgU3RyYXNzZXIgSW50ZXJpb3IgQXJjaGl0ZWN0cyIgLz48L2Rpdj4NCiAgPGRpdiBjbGFzcz0ic3dpcGVyLXNsaWRlIj48aW1nIHNyYz0iL2ltZy82LndlYnAiIGFsdD0iUmVpbmhhcmQgU3RyYXNzZXIgSW50ZXJpb3IgQXJjaGl0ZWN0cyIgLz48L2Rpdj4NCiAgPGRpdiBjbGFzcz0ic3dpcGVyLXNsaWRlIj48aW1nIHNyYz0iL2ltZy83LndlYnAiIGFsdD0iUmVpbmhhcmQgU3RyYXNzZXIgSW50ZXJpb3IgQXJjaGl0ZWN0cyIgLz48L2Rpdj4NCiAgPGRpdiBjbGFzcz0ic3dpcGVyLXNsaWRlIj48aW1nIHNyYz0iL2ltZy84LndlYnAiIGFsdD0iUmVpbmhhcmQgU3RyYXNzZXIgSW50ZXJpb3IgQXJjaGl0ZWN0cyIgLz48L2Rpdj4NCiAgPGRpdiBjbGFzcz0ic3dpcGVyLXNsaWRlIj48aW1nIHNyYz0iL2ltZy85LndlYnAiIGFsdD0iUmVpbmhhcmQgU3RyYXNzZXIgSW50ZXJpb3IgQXJjaGl0ZWN0cyIgLz48L2Rpdj4NCiAgPGRpdiBjbGFzcz0ic3dpcGVyLXNsaWRlIj48aW1nIHNyYz0iL2ltZy8xMC53ZWJwIiBhbHQ9IlJlaW5oYXJkIFN0cmFzc2VyIEludGVyaW9yIEFyY2hpdGVjdHMiIC8+PC9kaXY+DQogIDxkaXYgY2xhc3M9InN3aXBlci1zbGlkZSI+PGltZyBzcmM9Ii9pbWcvMTEud2VicCIgYWx0PSJSZWluaGFyZCBTdHJhc3NlciBJbnRlcmlvciBBcmNoaXRlY3RzIiAvPjwvZGl2Pg0KICAgPGRpdiBjbGFzcz0ic3dpcGVyLXNsaWRlIj48aW1nIHNyYz0iL2ltZy8xMi53ZWJwIiBhbHQ9IlJlaW5oYXJkIFN0cmFzc2VyIEludGVyaW9yIEFyY2hpdGVjdHMiIC8+PC9kaXY+DQogICA8ZGl2IGNsYXNzPSJzd2lwZXItc2xpZGUiPjxpbWcgc3JjPSIvaW1nLzEzLndlYnAiIGFsdD0iUmVpbmhhcmQgU3RyYXNzZXIgSW50ZXJpb3IgQXJjaGl0ZWN0cyIgLz48L2Rpdj4NCiAgIDxkaXYgY2xhc3M9InN3aXBlci1zbGlkZSI+PGltZyBzcmM9Ii9pbWcvMTQud2VicCIgYWx0PSJSZWluaGFyZCBTdHJhc3NlciBJbnRlcmlvciBBcmNoaXRlY3RzIiAvPjwvZGl2Pg0KICAgPGRpdiBjbGFzcz0ic3dpcGVyLXNsaWRlIj48aW1nIHNyYz0iL2ltZy8xNS53ZWJwIiBhbHQ9IlJlaW5oYXJkIFN0cmFzc2VyIEludGVyaW9yIEFyY2hpdGVjdHMiIC8+PC9kaXY+DQogICA8ZGl2IGNsYXNzPSJzd2lwZXItc2xpZGUiPjxpbWcgc3JjPSIvaW1nLzE2LndlYnAiIGFsdD0iUmVpbmhhcmQgU3RyYXNzZXIgSW50ZXJpb3IgQXJjaGl0ZWN0cyIgLz48L2Rpdj4NCiAgPC9kaXY+DQo8L2Rpdj4=[\/vc_raw_html][vc_raw_js]JTNDc2NyaXB0JTNFY29uc3QlMjBzd2lwZXIlMjAlM0QlMjBuZXclMjBTd2lwZXIlMjglMjcuc3dpcGVyLWNvbnRhaW5lciUyNyUyQyUyMCU3QiUwQSUyMCUyMGxvb3AlM0ElMjB0cnVlJTJDJTBBJTIwJTIwYXV0b3BsYXklM0ElMjAlN0IlMEElMjAlMjAlMjAlMjBkZWxheSUzQSUyMDEwMDAlMkMlMEElMjAlMjAlMjAlMjBkaXNhYmxlT25JbnRlcmFjdGlvbiUzQSUyMGZhbHNlJTJDJTBBJTIwJTIwJTdEJTJDJTBBJTIwJTIwYWxsb3dUb3VjaE1vdmUlM0ElMjBmYWxzZSUyQyUwQSUyMCUyMGVmZmVjdCUzQSUyMCUyN2ZhZGUlMjclMkMlMjAlMkYlMkYlMjBFZmZla3QlMjBmZXN0bGVnZW4lMEElMjAlMjBmYWRlRWZmZWN0JTNBJTIwJTdCJTBBJTIwJTIwJTIwJTIwY3Jvc3NGYWRlJTNBJTIwdHJ1ZSUyQyUyMCUyRiUyRiUyMG9wdGlvbmFsJTIwZiVDMyVCQ3IlMjBmbGllJUMzJTlGZW5kZXJlbiUyMCVDMyU5Q2JlcmdhbmclMEElMjAlMjAlN0QlMkMlMEElMjBzcGVlZCUzQSUyMDUwMCUyQyUyMCUyRiUyRiUyMEdlc2Nod2luZGlna2VpdCUyMGRlcyUyMEZhZGUtJUMzJTlDYmVyZ2FuZ3MlMjBpbiUyME1pbGxpc2VrdW5kZW4lMEElN0QlMjklM0IlMEElM0MlMkZzY3JpcHQlM0U=[\/vc_raw_js][vc_single_image image=&#8221;308&#8243; img_size=&#8221;full&#8221; alignment=&#8221;center&#8221; onclick=&#8221;custom_link&#8221; css=&#8221;&#8221; el_class=&#8221;sliderlogo&#8221; link=&#8221;\/en\/&#8221;][vc_column_text css=&#8221;&#8221; el_class=&#8221;interior&#8221;] Interior Architects [\/vc_column_text][\/vc_column][\/vc_row][vc_row el_class=&#8221;reiheoben reiheunten vieltext&#8221;][vc_column][vc_column_text css=&#8221;&#8221;] Imprint Angaben nach \u00a75 Abs.1 E-Commerce-Gesetz (ECG) Reinhard Strasser GmbH Zillertalstra\u00dfe 30 \u00b7 6263 F\u00fcgen \u00b7 \u00d6sterreich T +43 664 4024015 \u00b7 info@reinhard-strasser.com Gewerbeberechtigungen: Beratende Ingenieure auf dem Fachgebiet der Innenarchitektur. Das Atelier befindet sich [&hellip;]<\/p>\n","protected":false},"author":1,"featured_media":0,"parent":0,"menu_order":2,"comment_status":"closed","ping_status":"closed","template":"","meta":{"inline_featured_image":false,"footnotes":""},"class_list":["post-668","page","type-page","status-publish","hentry"],"yoast_head":"<!-- This site is optimized with the Yoast SEO plugin v26.2 - https:\/\/yoast.com\/wordpress\/plugins\/seo\/ -->\n<title>Imprint - Reinhard Strasser GmbH - Interior Architects<\/title>\n<meta name=\"description\" content=\"Reinhard Strasser GmbH | Zillertalstra\u00dfe 30 \u00b7 6263 F\u00fcgen \u00b7 \u00d6sterreich | T +43 664 4024015 \u00b7 info@reinhard-strasser.com\" \/>\n<meta name=\"robots\" content=\"index, follow, max-snippet:-1, max-image-preview:large, max-video-preview:-1\" \/>\n<link rel=\"canonical\" href=\"https:\/\/r-strasser.com\/en\/imprint\/\" \/>\n<meta property=\"og:locale\" content=\"en_US\" \/>\n<meta property=\"og:type\" content=\"article\" \/>\n<meta property=\"og:title\" content=\"Imprint - Reinhard Strasser GmbH - Interior Architects\" \/>\n<meta property=\"og:description\" content=\"Reinhard Strasser GmbH | Zillertalstra\u00dfe 30 \u00b7 6263 F\u00fcgen \u00b7 \u00d6sterreich | T +43 664 4024015 \u00b7 info@reinhard-strasser.com\" \/>\n<meta property=\"og:url\" content=\"https:\/\/r-strasser.com\/en\/imprint\/\" \/>\n<meta property=\"og:site_name\" content=\"R-Strasser\" \/>\n<meta property=\"article:publisher\" content=\"https:\/\/www.facebook.com\/profile.php?id=100068137921608\" \/>\n<meta property=\"article:modified_time\" content=\"2024-12-19T10:28:34+00:00\" \/>\n<meta property=\"og:image\" content=\"https:\/\/r-strasser.com\/wp-content\/uploads\/2024\/12\/r-strasser-interior-architects.jpg\" \/>\n\t<meta property=\"og:image:width\" content=\"1200\" \/>\n\t<meta property=\"og:image:height\" content=\"675\" \/>\n\t<meta property=\"og:image:type\" content=\"image\/jpeg\" \/>\n<meta name=\"twitter:card\" content=\"summary_large_image\" \/>\n<meta name=\"twitter:label1\" content=\"Est. reading time\" \/>\n\t<meta name=\"twitter:data1\" content=\"2 minutes\" \/>\n<script type=\"application\/ld+json\" class=\"yoast-schema-graph\">{\"@context\":\"https:\/\/schema.org\",\"@graph\":[{\"@type\":\"WebPage\",\"@id\":\"https:\/\/r-strasser.com\/en\/imprint\/\",\"url\":\"https:\/\/r-strasser.com\/en\/imprint\/\",\"name\":\"Imprint - Reinhard Strasser GmbH - Interior Architects\",\"isPartOf\":{\"@id\":\"https:\/\/r-strasser.com\/en\/#website\"},\"datePublished\":\"2024-12-16T12:11:19+00:00\",\"dateModified\":\"2024-12-19T10:28:34+00:00\",\"description\":\"Reinhard Strasser GmbH | Zillertalstra\u00dfe 30 \u00b7 6263 F\u00fcgen \u00b7 \u00d6sterreich | T +43 664 4024015 \u00b7 info@reinhard-strasser.com\",\"breadcrumb\":{\"@id\":\"https:\/\/r-strasser.com\/en\/imprint\/#breadcrumb\"},\"inLanguage\":\"en-US\",\"potentialAction\":[{\"@type\":\"ReadAction\",\"target\":[\"https:\/\/r-strasser.com\/en\/imprint\/\"]}]},{\"@type\":\"BreadcrumbList\",\"@id\":\"https:\/\/r-strasser.com\/en\/imprint\/#breadcrumb\",\"itemListElement\":[{\"@type\":\"ListItem\",\"position\":1,\"name\":\"Startseite\",\"item\":\"https:\/\/r-strasser.com\/en\/\"},{\"@type\":\"ListItem\",\"position\":2,\"name\":\"Imprint\"}]},{\"@type\":\"WebSite\",\"@id\":\"https:\/\/r-strasser.com\/en\/#website\",\"url\":\"https:\/\/r-strasser.com\/en\/\",\"name\":\"R-Strasser\",\"description\":\"\",\"publisher\":{\"@id\":\"https:\/\/r-strasser.com\/en\/#organization\"},\"potentialAction\":[{\"@type\":\"SearchAction\",\"target\":{\"@type\":\"EntryPoint\",\"urlTemplate\":\"https:\/\/r-strasser.com\/en\/?s={search_term_string}\"},\"query-input\":{\"@type\":\"PropertyValueSpecification\",\"valueRequired\":true,\"valueName\":\"search_term_string\"}}],\"inLanguage\":\"en-US\"},{\"@type\":\"Organization\",\"@id\":\"https:\/\/r-strasser.com\/en\/#organization\",\"name\":\"Reinhard Strasser GmbH\",\"alternateName\":\"R-STRASSER\",\"url\":\"https:\/\/r-strasser.com\/en\/\",\"logo\":{\"@type\":\"ImageObject\",\"inLanguage\":\"en-US\",\"@id\":\"https:\/\/r-strasser.com\/en\/#\/schema\/logo\/image\/\",\"url\":\"https:\/\/r-strasser.com\/wp-content\/uploads\/2024\/12\/logo-social.png\",\"contentUrl\":\"https:\/\/r-strasser.com\/wp-content\/uploads\/2024\/12\/logo-social.png\",\"width\":512,\"height\":512,\"caption\":\"Reinhard Strasser GmbH\"},\"image\":{\"@id\":\"https:\/\/r-strasser.com\/en\/#\/schema\/logo\/image\/\"},\"sameAs\":[\"https:\/\/www.facebook.com\/profile.php?id=100068137921608\",\"https:\/\/www.instagram.com\/rsinteriorarchitects\/\",\"https:\/\/www.linkedin.com\/in\/reinhard-strasser-710689289\/\"]}]}<\/script>\n<!-- \/ Yoast SEO plugin. -->","yoast_head_json":{"title":"Imprint - Reinhard Strasser GmbH - Interior Architects","description":"Reinhard Strasser GmbH | Zillertalstra\u00dfe 30 \u00b7 6263 F\u00fcgen \u00b7 \u00d6sterreich | T +43 664 4024015 \u00b7 info@reinhard-strasser.com","robots":{"index":"index","follow":"follow","max-snippet":"max-snippet:-1","max-image-preview":"max-image-preview:large","max-video-preview":"max-video-preview:-1"},"canonical":"https:\/\/r-strasser.com\/en\/imprint\/","og_locale":"en_US","og_type":"article","og_title":"Imprint - Reinhard Strasser GmbH - Interior Architects","og_description":"Reinhard Strasser GmbH | Zillertalstra\u00dfe 30 \u00b7 6263 F\u00fcgen \u00b7 \u00d6sterreich | T +43 664 4024015 \u00b7 info@reinhard-strasser.com","og_url":"https:\/\/r-strasser.com\/en\/imprint\/","og_site_name":"R-Strasser","article_publisher":"https:\/\/www.facebook.com\/profile.php?id=100068137921608","article_modified_time":"2024-12-19T10:28:34+00:00","og_image":[{"width":1200,"height":675,"url":"https:\/\/r-strasser.com\/wp-content\/uploads\/2024\/12\/r-strasser-interior-architects.jpg","type":"image\/jpeg"}],"twitter_card":"summary_large_image","twitter_misc":{"Est. reading time":"2 minutes"},"schema":{"@context":"https:\/\/schema.org","@graph":[{"@type":"WebPage","@id":"https:\/\/r-strasser.com\/en\/imprint\/","url":"https:\/\/r-strasser.com\/en\/imprint\/","name":"Imprint - Reinhard Strasser GmbH - Interior Architects","isPartOf":{"@id":"https:\/\/r-strasser.com\/en\/#website"},"datePublished":"2024-12-16T12:11:19+00:00","dateModified":"2024-12-19T10:28:34+00:00","description":"Reinhard Strasser GmbH | Zillertalstra\u00dfe 30 \u00b7 6263 F\u00fcgen \u00b7 \u00d6sterreich | T +43 664 4024015 \u00b7 info@reinhard-strasser.com","breadcrumb":{"@id":"https:\/\/r-strasser.com\/en\/imprint\/#breadcrumb"},"inLanguage":"en-US","potentialAction":[{"@type":"ReadAction","target":["https:\/\/r-strasser.com\/en\/imprint\/"]}]},{"@type":"BreadcrumbList","@id":"https:\/\/r-strasser.com\/en\/imprint\/#breadcrumb","itemListElement":[{"@type":"ListItem","position":1,"name":"Startseite","item":"https:\/\/r-strasser.com\/en\/"},{"@type":"ListItem","position":2,"name":"Imprint"}]},{"@type":"WebSite","@id":"https:\/\/r-strasser.com\/en\/#website","url":"https:\/\/r-strasser.com\/en\/","name":"R-Strasser","description":"","publisher":{"@id":"https:\/\/r-strasser.com\/en\/#organization"},"potentialAction":[{"@type":"SearchAction","target":{"@type":"EntryPoint","urlTemplate":"https:\/\/r-strasser.com\/en\/?s={search_term_string}"},"query-input":{"@type":"PropertyValueSpecification","valueRequired":true,"valueName":"search_term_string"}}],"inLanguage":"en-US"},{"@type":"Organization","@id":"https:\/\/r-strasser.com\/en\/#organization","name":"Reinhard Strasser GmbH","alternateName":"R-STRASSER","url":"https:\/\/r-strasser.com\/en\/","logo":{"@type":"ImageObject","inLanguage":"en-US","@id":"https:\/\/r-strasser.com\/en\/#\/schema\/logo\/image\/","url":"https:\/\/r-strasser.com\/wp-content\/uploads\/2024\/12\/logo-social.png","contentUrl":"https:\/\/r-strasser.com\/wp-content\/uploads\/2024\/12\/logo-social.png","width":512,"height":512,"caption":"Reinhard Strasser GmbH"},"image":{"@id":"https:\/\/r-strasser.com\/en\/#\/schema\/logo\/image\/"},"sameAs":["https:\/\/www.facebook.com\/profile.php?id=100068137921608","https:\/\/www.instagram.com\/rsinteriorarchitects\/","https:\/\/www.linkedin.com\/in\/reinhard-strasser-710689289\/"]}]}},"_links":{"self":[{"href":"https:\/\/r-strasser.com\/en\/wp-json\/wp\/v2\/pages\/668","targetHints":{"allow":["GET"]}}],"collection":[{"href":"https:\/\/r-strasser.com\/en\/wp-json\/wp\/v2\/pages"}],"about":[{"href":"https:\/\/r-strasser.com\/en\/wp-json\/wp\/v2\/types\/page"}],"author":[{"embeddable":true,"href":"https:\/\/r-strasser.com\/en\/wp-json\/wp\/v2\/users\/1"}],"replies":[{"embeddable":true,"href":"https:\/\/r-strasser.com\/en\/wp-json\/wp\/v2\/comments?post=668"}],"version-history":[{"count":0,"href":"https:\/\/r-strasser.com\/en\/wp-json\/wp\/v2\/pages\/668\/revisions"}],"wp:attachment":[{"href":"https:\/\/r-strasser.com\/en\/wp-json\/wp\/v2\/media?parent=668"}],"curies":[{"name":"wp","href":"https:\/\/api.w.org\/{rel}","templated":true}]}}